{"id":88,"date":"2014-05-14T17:35:40","date_gmt":"2014-05-14T15:35:40","guid":{"rendered":"http:\/\/www.abc-reinigungen.de\/abcreiwp\/?page_id=88"},"modified":"2014-08-09T16:20:03","modified_gmt":"2014-08-09T14:20:03","slug":"abc-reinigungen-bootspolsterreinigung-bootspolsteraufbereitung-schwerin-rostock-luebeck","status":"publish","type":"page","link":"https:\/\/www.abc-reinigungen.de\/abcreiwp\/abc-reinigungen-bootspolsterreinigung-bootspolsteraufbereitung-schwerin-rostock-luebeck\/","title":{"rendered":"Bootspolsterreinigung"},"content":{"rendered":"<hr \/>\n<p><em><span style=\"font-family: andale mono,times; font-size: 12pt;\"><strong><span style=\"color: #003366;\"><span style=\"font-size: 13pt;\"><em><span style=\"font-family: andale mono,times; font-size: 12pt;\"><strong><span style=\"color: #003366;\"><span style=\"font-size: 13pt;\">Lassen Sie Ihr Boot nicht nur von au\u00dfen gl\u00e4nzen. <\/span><\/span><\/strong><\/span><\/em><em><span style=\"font-family: andale mono,times; font-size: 12pt;\"><strong><span style=\"color: #003366;\"><span style=\"font-size: 13pt;\">Schonende Bootspolsterreinigung aus Ihrer Region. <\/span><\/span><\/strong><\/span><\/em><br \/>\n<\/span><\/span><\/strong><\/span><\/em><\/p>\n<p><em><span style=\"font-family: andale mono,times; font-size: 12pt;\"><span style=\"color: #003366;\"><span style=\"font-size: 14pt;\">&#8222;<\/span><\/span><span style=\"color: #003366;\"><span style=\"font-size: 14pt;\">Wir stehen f\u00fcr eine saubere Bootstour&#8220;<\/span><\/span><strong><span style=\"color: #003366;\"><span style=\"font-size: 14pt;\"><br \/>\n<\/span><\/span><\/strong><\/span><\/em><\/p>\n<p><span style=\"font-family: andale mono,times; font-size: 12pt;\"><span style=\"color: #003366;\">Wir sind auf das Reinigen von Bootspolstern (Seiten-,Decken-,Sitz-,Liegepolster)\u00a0<span style=\"font-family: andale mono,times; font-size: 12pt;\"><span style=\"color: #003366;\">sowie Bootsteppiche <\/span><\/span>spezialisiert und bringen durch unsere Tiefenreinigung die Frische in die Kabine zur\u00fcck.<br \/>\n<\/span><\/span><\/p>\n<p><span style=\"color: #003366; font-family: andale mono,times; font-size: 12pt;\">Auch Bootsp<img decoding=\"async\" loading=\"lazy\" class=\"wp-image-399 alignright\" src=\"http:\/\/www.abc-reinigungen.de\/abcreiwp\/wp-content\/uploads\/2014\/05\/ID-100204306.jpg\" alt=\"ID-100204306\" width=\"355\" height=\"202\" srcset=\"https:\/\/www.abc-reinigungen.de\/abcreiwp\/wp-content\/uploads\/2014\/05\/ID-100204306.jpg 400w, https:\/\/www.abc-reinigungen.de\/abcreiwp\/wp-content\/uploads\/2014\/05\/ID-100204306-300x171.jpg 300w, https:\/\/www.abc-reinigungen.de\/abcreiwp\/wp-content\/uploads\/2014\/05\/ID-100204306-190x108.jpg 190w\" sizes=\"(max-width: 355px) 100vw, 355px\" \/>olster sind meist besonderen Bedingungen ausgesetzt:<\/span><\/p>\n<p><span style=\"color: #003366; font-family: andale mono,times; font-size: 12pt;\">&#8211; viel Feuchtigkeit (hohe Umgebungsluftfeuchtigkeit \/ direkter <\/span><span style=\"color: #003366; font-family: andale mono,times; font-size: 12pt;\">Wasserkontakt)<\/span><\/p>\n<p><span style=\"color: #003366; font-family: andale mono,times; font-size: 12pt;\">&#8211; Flugstaub \/ Pollen \/ Insekten \/ Tierr\u00fcckst\u00e4nde<\/span><\/p>\n<p><span style=\"font-family: andale mono,times; font-size: 12pt;\"><span style=\"color: #003366;\">Da kann die Tiefenreinigung schon mal lange dauern.Wir haben uns auch auf diese F\u00e4lle spezialisiert und sorgen wieder f\u00fcr tiefenreine und frische<\/span> <span style=\"color: #003366;\">Bootspolster.<\/span><\/span><\/p>\n<p><span style=\"color: #003366;\"><span style=\"font-family: andale mono,times; font-size: 12pt;\">Sie k\u00f6nnen Ihre Bootspolster nicht transportieren? Kein Problem.<br \/>\nABC-Reinigungen kommt auf direktem Weg zu Ihnen.<br \/>\nDurch unseren Service <strong>*ABC-Mobil <strong>*<\/strong><\/strong>, erf\u00fcllen wir Ihre Kundenw\u00fcnsche auch direkt vor Ort.<\/span><\/span><\/p>\n","protected":false},"excerpt":{"rendered":"<p>Lassen Sie Ihr Boot nicht nur von au\u00dfen gl\u00e4nzen. Schonende Bootspolsterreinigung aus Ihrer Region. &#8222;Wir stehen f\u00fcr eine saubere Bootstour&#8220; Wir sind auf das Reinigen von Bootspolstern (Seiten-,Decken-,Sitz-,Liegepolster)\u00a0sowie Bootsteppiche spezialisiert und bringen durch unsere Tiefenreinigung die Frische in die Kabine zur\u00fcck. Auch Bootspolster sind meist besonderen Bedingungen ausgesetzt: &#8211; viel Feuchtigkeit (hohe Umgebungsluftfeuchtigkeit \/ direkter&hellip; <a class=\"continue\" href=\"https:\/\/www.abc-reinigungen.de\/abcreiwp\/abc-reinigungen-bootspolsterreinigung-bootspolsteraufbereitung-schwerin-rostock-luebeck\/\">Continue Reading Bootspolsterreinigung<\/a><\/p>\n","protected":false},"author":1,"featured_media":0,"parent":0,"menu_order":0,"comment_status":"closed","ping_status":"closed","template":"","meta":[],"_links":{"self":[{"href":"https:\/\/www.abc-reinigungen.de\/abcreiwp\/wp-json\/wp\/v2\/pages\/88"}],"collection":[{"href":"https:\/\/www.abc-reinigungen.de\/abcreiwp\/wp-json\/wp\/v2\/pages"}],"about":[{"href":"https:\/\/www.abc-reinigungen.de\/abcreiwp\/wp-json\/wp\/v2\/types\/page"}],"author":[{"embeddable":true,"href":"https:\/\/www.abc-reinigungen.de\/abcreiwp\/wp-json\/wp\/v2\/users\/1"}],"replies":[{"embeddable":true,"href":"https:\/\/www.abc-reinigungen.de\/abcreiwp\/wp-json\/wp\/v2\/comments?post=88"}],"version-history":[{"count":78,"href":"https:\/\/www.abc-reinigungen.de\/abcreiwp\/wp-json\/wp\/v2\/pages\/88\/revisions"}],"predecessor-version":[{"id":783,"href":"https:\/\/www.abc-reinigungen.de\/abcreiwp\/wp-json\/wp\/v2\/pages\/88\/revisions\/783"}],"wp:attachment":[{"href":"https:\/\/www.abc-reinigungen.de\/abcreiwp\/wp-json\/wp\/v2\/media?parent=88"}],"curies":[{"name":"wp","href":"https:\/\/api.w.org\/{rel}","templated":true}]}}