{"id":65,"date":"2014-05-14T15:55:57","date_gmt":"2014-05-14T13:55:57","guid":{"rendered":"http:\/\/www.abc-reinigungen.de\/abcreiwp\/?page_id=65"},"modified":"2014-07-31T13:25:24","modified_gmt":"2014-07-31T11:25:24","slug":"abc-reinigungen-teppichreinigung-teppichaufbereitung-schwerin-rostock-luebeck","status":"publish","type":"page","link":"https:\/\/www.abc-reinigungen.de\/abcreiwp\/abc-reinigungen-teppichreinigung-teppichaufbereitung-schwerin-rostock-luebeck\/","title":{"rendered":"Teppichreinigung"},"content":{"rendered":"<hr \/>\n<p><span style=\"font-size: 14pt; color: #314a69; font-family: andale mono,times;\"><span style=\"font-size: 12pt; color: #314a69; font-family: andale mono,times;\"><em><span style=\"font-size: 14pt;\">&#8222;Der Fleck muss weg. Teppichreinigung auf Ihre Bed\u00fcrfnisse angepasst&#8220;\u00a0<\/span> <\/em><\/span><\/span><\/p>\n<p><span style=\"font-size: 14pt; color: #314a69; font-family: andale mono,times;\"><span style=\"font-size: 12pt; color: #314a69; font-family: andale mono,times;\">Ihr Teppich ist auch unser bestes &#8222;St\u00fcck&#8220;, deshalb reinigen wir Ihren Teppich schonend per Hand und nicht wie in der Industie \u00fcblich in gro\u00dfen Trommelmaschinen. Durch dieses Verfahren erreichen wir eine gr\u00fcndliche und abnutzungfreie Tiefenreinigung denn:<br \/>\n<\/span><\/span><\/p>\n<p><strong><span style=\"font-size: 12pt; color: #314a69; font-family: andale mono,times;\">Uns ist es wichtig, dass Sie lange Zeit Freude an Ihrem Teppich haben und sich Zuhause wieder wohlf\u00fchlen!<\/span><\/strong><\/p>\n<p><span style=\"font-size: 12pt; color: #314a69; font-family: andale mono,times;\">Hartn\u00e4ckige Flecken oder starker Abrieb sind nur einige der Strapazen, denen ein Teppich ausgeliefert ist. Aber mit unserer professionellen Reinigung k\u00f6nnen wir die meisten Sch\u00e4den wieder beheben.<\/span><\/p>\n<p><span style=\"font-size: 12pt; color: #314a69; font-family: andale mono,times;\"> <img decoding=\"async\" loading=\"lazy\" class=\" wp-image-479 alignleft\" src=\"http:\/\/www.abc-reinigungen.de\/abcreiwp\/wp-content\/uploads\/2014\/05\/40251-20140622.jpg\" alt=\"40251-20140622\" width=\"270\" height=\"406\" srcset=\"https:\/\/www.abc-reinigungen.de\/abcreiwp\/wp-content\/uploads\/2014\/05\/40251-20140622.jpg 266w, https:\/\/www.abc-reinigungen.de\/abcreiwp\/wp-content\/uploads\/2014\/05\/40251-20140622-199x300.jpg 199w, https:\/\/www.abc-reinigungen.de\/abcreiwp\/wp-content\/uploads\/2014\/05\/40251-20140622-126x190.jpg 126w\" sizes=\"(max-width: 270px) 100vw, 270px\" \/><\/span><span style=\"font-size: 12pt; color: #314a69; font-family: andale mono,times;\">Sie erinnern sich noch das Ihr Teppich einmal strahlende Farben hatte, flauschig weich war und wundersch\u00f6n &#8222;neu&#8220; duftete?<strong> Lassen Sie es nicht so weit kommen!<\/strong><\/span><\/p>\n<p><span style=\"font-size: 12pt; color: #314a69; font-family: andale mono,times;\">Wir reinigen Ihren Teppich besonders schonend und tiefenrein.Alle Arbeiten werden fachm\u00e4nnisch von Hand durchgef\u00fchrt.<\/span><br \/>\n<strong><span style=\"font-size: 12pt; color: #314a69; font-family: andale mono,times;\"> Und das zu Top- Konditionen!<\/span><\/strong><\/p>\n<p><span style=\"font-size: 12pt; color: #314a69; font-family: andale mono,times;\">Teppich ist nicht gleich Teppich- darum ben\u00f6tigt jeder Teppich<\/span> <span style=\"font-size: 12pt; color: #314a69; font-family: andale mono,times;\">seine eigene und spezielle Pflege.<\/span><\/p>\n<p><span style=\"font-size: 12pt; color: #314a69; font-family: andale mono,times;\"> Ob klassisch oder modern, ob lang- oder kurzflorig, ob Berber oder Seidenteppich-<\/span> <span style=\"font-size: 12pt; color: #314a69; font-family: andale mono,times;\">wir machen keine Unterschiede im Preis! <\/span><span style=\"font-size: 12pt; color: #314a69; font-family: andale mono,times;\">Bei uns unterscheiden sich nur die Reinigungsverfahren, die sorgsam nach Art und Verschmutzung des Teppichs ausgew\u00e4hlt werden.<\/span><\/p>\n<p><span style=\"color: #314a69; font-size: 12pt; font-family: andale mono,times;\"><br \/>\n<\/span><\/p>\n<p><span style=\"color: #314a69;\"><strong><span style=\"font-family: andale mono,times; font-size: 12pt;\">Warum alle Teppiche eine regelm\u00e4\u00dfige Reinigung verdienen?<\/span><\/strong><\/span><\/p>\n<ul>\n<li><span style=\"font-family: andale mono,times; font-size: 12pt; color: #314a69;\"><span style=\"color: #314a69;\"><img decoding=\"async\" loading=\"lazy\" class=\"alignright  wp-image-15\" src=\"http:\/\/www.abc-reinigungen.de\/abcreiwp\/wp-content\/uploads\/2014\/05\/teppich.jpg\" alt=\"?????????\" width=\"369\" height=\"196\" srcset=\"https:\/\/www.abc-reinigungen.de\/abcreiwp\/wp-content\/uploads\/2014\/05\/teppich.jpg 371w, https:\/\/www.abc-reinigungen.de\/abcreiwp\/wp-content\/uploads\/2014\/05\/teppich-300x159.jpg 300w, https:\/\/www.abc-reinigungen.de\/abcreiwp\/wp-content\/uploads\/2014\/05\/teppich-190x100.jpg 190w\" sizes=\"(max-width: 369px) 100vw, 369px\" \/><\/span>weil unser Reinigungsverfahren nicht nur f\u00fcr Allergiker das Beste ist<\/span><\/li>\n<\/ul>\n<ul>\n<li><span style=\"font-family: andale mono,times; font-size: 12pt; color: #314a69;\">weil Staub, Schmutz, Motten, Milben, mikrobiologische Belastungen, Pilze und mehr den Teppich zusetzen und der Gesundheit schaden<\/span><\/li>\n<\/ul>\n","protected":false},"excerpt":{"rendered":"<p>&#8222;Der Fleck muss weg. Teppichreinigung auf Ihre Bed\u00fcrfnisse angepasst&#8220;\u00a0 Ihr Teppich ist auch unser bestes &#8222;St\u00fcck&#8220;, deshalb reinigen wir Ihren Teppich schonend per Hand und nicht wie in der Industie \u00fcblich in gro\u00dfen Trommelmaschinen. Durch dieses Verfahren erreichen wir eine gr\u00fcndliche und abnutzungfreie Tiefenreinigung denn: Uns ist es wichtig, dass Sie lange Zeit Freude an&hellip; <a class=\"continue\" href=\"https:\/\/www.abc-reinigungen.de\/abcreiwp\/abc-reinigungen-teppichreinigung-teppichaufbereitung-schwerin-rostock-luebeck\/\">Continue Reading Teppichreinigung<\/a><\/p>\n","protected":false},"author":1,"featured_media":0,"parent":0,"menu_order":0,"comment_status":"closed","ping_status":"closed","template":"","meta":[],"_links":{"self":[{"href":"https:\/\/www.abc-reinigungen.de\/abcreiwp\/wp-json\/wp\/v2\/pages\/65"}],"collection":[{"href":"https:\/\/www.abc-reinigungen.de\/abcreiwp\/wp-json\/wp\/v2\/pages"}],"about":[{"href":"https:\/\/www.abc-reinigungen.de\/abcreiwp\/wp-json\/wp\/v2\/types\/page"}],"author":[{"embeddable":true,"href":"https:\/\/www.abc-reinigungen.de\/abcreiwp\/wp-json\/wp\/v2\/users\/1"}],"replies":[{"embeddable":true,"href":"https:\/\/www.abc-reinigungen.de\/abcreiwp\/wp-json\/wp\/v2\/comments?post=65"}],"version-history":[{"count":89,"href":"https:\/\/www.abc-reinigungen.de\/abcreiwp\/wp-json\/wp\/v2\/pages\/65\/revisions"}],"predecessor-version":[{"id":97,"href":"https:\/\/www.abc-reinigungen.de\/abcreiwp\/wp-json\/wp\/v2\/pages\/65\/revisions\/97"}],"wp:attachment":[{"href":"https:\/\/www.abc-reinigungen.de\/abcreiwp\/wp-json\/wp\/v2\/media?parent=65"}],"curies":[{"name":"wp","href":"https:\/\/api.w.org\/{rel}","templated":true}]}}