{"id":245,"date":"2014-06-15T13:05:08","date_gmt":"2014-06-15T11:05:08","guid":{"rendered":"http:\/\/www.abc-reinigungen.de\/abcreiwp\/?page_id=245"},"modified":"2015-04-13T20:14:19","modified_gmt":"2015-04-13T18:14:19","slug":"abg","status":"publish","type":"page","link":"https:\/\/www.abc-reinigungen.de\/abcreiwp\/abg\/","title":{"rendered":"Allgemeine Gesch\u00e4ftsbedingungen"},"content":{"rendered":"<hr \/>\n<p style=\"text-align: left;\"><span style=\"color: #314a69; font-family: andale mono,times; font-size: 14pt;\"><strong>Allgemeine Gesch\u00e4ftsbedingungen<br \/>\nTeppich-, Teppichboden- und Polsterreinigung<\/strong><\/span><\/p>\n<p style=\"text-align: left;\"><span style=\"text-decoration: underline;\"><span style=\"font-size: 12pt; font-family: andale mono,times; color: #314a69; text-decoration: underline;\"><strong>Allgemein<\/strong><\/span><\/span><\/p>\n<p style=\"text-align: left;\"><span style=\"font-size: 12pt; font-family: andale mono,times; color: #314a69;\"> Nachstehende Bedingungen sind Inhalt eines jeden mit uns abgeschlossenen Vertrages.<\/span><br \/>\n<span style=\"font-size: 12pt; font-family: andale mono,times; color: #314a69;\"> Entgegenstehende Gesch\u00e4ftsbedingungen des Auftraggebers sind unwirksam. M\u00fcndliche Nebenabreden haben daher keine Rechtswirksamkeit, solange sie nicht schriftlich best\u00e4tigt werden.<\/span><\/p>\n<p style=\"text-align: left;\"><span style=\"text-decoration: underline;\"><strong><span style=\"font-size: 12pt; font-family: andale mono,times; color: #314a69; text-decoration: underline;\"> M\u00e4ngel am Reinigungsobjekt<\/span><\/strong><\/span><\/p>\n<p style=\"text-align: left;\"><span style=\"font-size: 12pt; font-family: andale mono,times; color: #314a69;\"> Die Teppich- und Polsterreinigung ist nicht verantwortlich f\u00fcr Sch\u00e4den, die durch die Beschaffenheit des Reinigungsobjektes verursacht werden und die nicht durch eine fachm\u00e4nnische Warenschau erkennbar sind (z.B. Sch\u00e4den durch ungen\u00fcgende Festigkeit des Gewebes, der N\u00e4hte und Fransen, ungen\u00fcgende Echtheit von F\u00e4rbungen und Drucken, Einlaufen, Wellenbildung, fr\u00fchere unsachgem\u00e4\u00dfe Behandlung und Lagerung, verborgene Fremdk\u00f6rper und andere verborgene M\u00e4ngel). F\u00fcr alle diese Sch\u00e4den \u00fcbernehmen wir keine Haftung.<\/span><\/p>\n<p style=\"text-align: left;\"><span style=\"text-decoration: underline;\"><strong><span style=\"font-size: 12pt; font-family: andale mono,times; color: #314a69; text-decoration: underline;\"> Ausf\u00fchrung<\/span><\/strong><\/span><\/p>\n<p style=\"text-align: left;\"><span style=\"font-size: 12pt; font-family: andale mono,times; color: #314a69;\"> Die Teppich- und Polsterreinigung wird sachgerecht und schonend ausgef\u00fchrt. Die zweckm\u00e4\u00dfige Behandlung im Einzelfall bleibt unserem fachm\u00e4nnischen Ermessen \u00fcberlassen.<\/span><\/p>\n<p style=\"text-align: left;\"><span style=\"text-decoration: underline;\"><strong><span style=\"font-size: 12pt; font-family: andale mono,times; color: #314a69; text-decoration: underline;\">Preise<\/span><\/strong><\/span><\/p>\n<p style=\"text-align: left;\"><span style=\"font-size: 12pt; font-family: andale mono,times; color: #314a69;\"> Es gelten die in unserer Auftragsbest\u00e4tigung vereinbarten Preise. Diese ergeben sich aus der jeweils g\u00fcltigen Preisliste.<\/span><br \/>\n<span style=\"font-size: 12pt; font-family: andale mono,times; color: #314a69;\"> Der Reinigungspreis wird unabh\u00e4ngig vom Reinigungsergebnis f\u00fcr die Durchf\u00fchrung der angebotenen und bestellten Leistung erhoben. Der Mindestauftragswert betr\u00e4gt EUR 60,00, zzgl. Fahrkosten (dies gilt nicht f\u00fcr Einzelteppichreinigung).<\/span><\/p>\n<p style=\"text-align: left;\"><span style=\"text-decoration: underline;\"><strong><span style=\"font-size: 12pt; font-family: andale mono,times; color: #314a69; text-decoration: underline;\"> R\u00fcckgabe<\/span><\/strong><\/span><\/p>\n<p style=\"text-align: left;\"><span style=\"font-size: 12pt; font-family: andale mono,times; color: #314a69;\"> Die R\u00fcckgabe der Reinigungsobjekte erfolgt nur gegen Aush\u00e4ndigung der Auftragsbest\u00e4tigung und Barzahlung ohne Abzug.<\/span><br \/>\n<span style=\"font-size: 12pt; font-family: andale mono,times; color: #314a69;\"> Bis zur vollst\u00e4ndigen Bezahlung bleibt das Reinigungsobjekt in unserer Verwahrung. Wer die Auftragsbest\u00e4tigung vorlegt, gilt als empfangsberechtigt.<\/span><br \/>\n<span style=\"font-size: 12pt; font-family: andale mono,times; color: #314a69;\"> Bleibt der Auftraggeber nach Anzeige der Fertigstellung mit der Abholung der Reinigungsobjekte l\u00e4nger als 14 Tage im R\u00fcckstand, so sind wir, nach setzen einer Nachfrist von 5 Tagen, berechtigt, die Reinigungsobjekte in unsere Aufbewahrungsabteilung zu \u00fcbernehmen. Der Auftraggeber tr\u00e4gt die Gefahr der Verschlechterung. Werden die Reinigungsobjekte nicht innerhalb eines Jahres nach Auftragserteilung abgeholt, so erl\u00f6schen f\u00fcr beide Teile s\u00e4mtliche Anspr\u00fcche, gleichg\u00fcltig ob sie sich auf Vertrag, Eigentum oder sonstige Rechtsgr\u00fcnde st\u00fctzen.<\/span><\/p>\n<p style=\"text-align: left;\"><strong><span style=\"text-decoration: underline;\"><span style=\"font-size: 12pt; font-family: andale mono,times; color: #314a69; text-decoration: underline;\"> Beanstandungen<\/span><\/span><\/strong><\/p>\n<p style=\"text-align: left;\"><span style=\"font-size: 12pt; font-family: andale mono,times; color: #314a69;\"> Nach beendeter Reinigung m\u00fcssen Beanstandungen unverz\u00fcglich vorgebracht werden. Die Frist hierf\u00fcr betr\u00e4gt 2 Kalendertage.<\/span><br \/>\n<span style=\"font-size: 12pt; font-family: andale mono,times; color: #314a69;\"> Haftungsbegrenzung<\/span><br \/>\n<span style=\"font-size: 12pt; font-family: andale mono,times; color: #314a69;\"> Soweit wir \u2013 gleich aus welchem Rechtsgrund \u2013 haften, kann nur Geldersatz verlangt werden. Wir haften in H\u00f6he des Zeitwertes, h\u00f6chstens bis zum 10-fachen unseres Reinigungspreises. Zur Ermittlung des Zeitwertes muss grunds\u00e4tzlich der Originalkaufbeleg mit Kaufdatum und Kaufpreis vorgelegt werden. Seidenteppiche werden grunds\u00e4tzlich nur auf Kundenrisiko gereinigt.<\/span><\/p>\n<p style=\"text-align: left;\"><span style=\"text-decoration: underline;\"><strong><span style=\"font-size: 12pt; font-family: andale mono,times; color: #314a69; text-decoration: underline;\"> Entfernung von Flecken<\/span><\/strong><\/span><\/p>\n<p style=\"text-align: left;\"><span style=\"font-size: 12pt; font-family: andale mono,times; color: #314a69;\"> Die Entfernung von Flecken erfolgt nur soweit, als diese ohne Sch\u00e4digung von Farbe und Gewebe m\u00f6glich ist. Sie erfolgt stets auf Verantwortung des Kunden. Vorhandene, nicht erkennbare Flecken, k\u00f6nnen nach Entfernen der Allgemeinverschmutzung sichtbar werden. Eine Garantie f\u00fcr die erfolgreiche Detachur geben wir nicht.<\/span><br \/>\n<span style=\"font-size: 12pt; font-family: andale mono,times; color: #314a69;\"> F\u00fcr nachstehende M\u00e4ngel \u00fcbernehmen wir keine Haftung:<\/span><br \/>\n<span style=\"font-size: 12pt; font-family: andale mono,times; color: #314a69;\"> &#8211; Einlaufen und Verziehen von Teppichen durch Verwendung von unterschiedlichen Materialien bei Kett- oder Schussf\u00e4den, welche beim Reinigen unterschiedlich reagieren<\/span><br \/>\n<span style=\"font-size: 12pt; font-family: andale mono,times; color: #314a69;\"> &#8211; Flecksubstanzen wie Gerbstoffe oder S\u00e4uren haben chemisch mit dem Flormaterial reagiert und sind durch das Reinigen nicht mehr zu entfernen<\/span><br \/>\n<span style=\"font-size: 12pt; font-family: andale mono,times; color: #314a69;\"> &#8211; F\u00e4ulnisstellen im Grundgewebe k\u00f6nnen zum Durchbrechen f\u00fchren (Moder, Stockflecken)<\/span><br \/>\n<span style=\"font-size: 12pt; font-family: andale mono,times; color: #314a69;\"> &#8211; Mottenbefall kann eine Abl\u00f6sung des Flors verursachen<\/span><br \/>\n<span style=\"font-size: 12pt; font-family: andale mono,times; color: #314a69;\"> &#8211; Vorhandene Defekte (z.B. Moder, Risse, geklebte oder abgetretene Kanten und Fransen) k\u00f6nnen sich ausweiten<\/span><br \/>\n<span style=\"font-size: 12pt; font-family: andale mono,times; color: #314a69;\"> &#8211; R\u00fcckst\u00e4nde von Reinigungsmitteln, falsche Vorbehandlung, Wassersch\u00e4den, Farbsch\u00e4digungen durch Licht oder Umwelteinfl\u00fcsse k\u00f6nnen das Warenbild ver\u00e4ndern<\/span><\/p>\n<p style=\"text-align: left;\"><span style=\"text-decoration: underline;\"><strong><span style=\"font-size: 12pt; font-family: andale mono,times; color: #314a69; text-decoration: underline;\">Gerichtsstand<\/span><\/strong><\/span><\/p>\n<p style=\"text-align: left;\"><span style=\"font-size: 12pt; font-family: andale mono,times; color: #314a69;\"> Erf\u00fcllungsort ist f\u00fcr beide Teile Schwerin in Mecklenburg. F\u00fcr s\u00e4mtliche gegenw\u00e4rtige und zuk\u00fcnftige Anspr\u00fcche aus der Gesch\u00e4ftsbeziehung gilt Schwerin (Mecklenburg) als Gerichtsstand.<\/span><\/p>\n<p style=\"text-align: left;\"><strong><span style=\"font-size: 12pt; font-family: andale mono,times; color: #314a69;\">ABC Teppich- &amp; Polsterreinigung Nowak<\/span><\/strong><br \/>\n<strong> <span style=\"font-size: 12pt; font-family: andale mono,times; color: #314a69;\"> Silvia Nowak<\/span><\/strong><br \/>\n<strong> <span style=\"font-size: 12pt; font-family: andale mono,times; color: #314a69;\"> Bahnhofstr. 34<\/span><\/strong><br \/>\n<strong> <span style=\"font-size: 12pt; font-family: andale mono,times; color: #314a69;\"> 19057 Schwerin<\/span><\/strong><br \/>\n<strong> <span style=\"font-size: 12pt; font-family: andale mono,times; color: #314a69;\"> Tel.: 0385\/487 88 75<\/span><\/strong><br \/>\n<strong> <span style=\"font-size: 12pt; font-family: andale mono,times; color: #314a69;\"> E-Mail: info@abc-reinigungen.de<\/span><\/strong><br \/>\n<strong> <span style=\"font-size: 12pt; font-family: andale mono,times; color: #314a69;\"> Steuer-Nr.: 090\/253\/02351<\/span><\/strong><\/p>\n<p style=\"text-align: left;\"><strong><span style=\"font-size: 12pt; font-family: andale mono,times; color: #314a69;\">Stand: April 2015<\/span><\/strong><\/p>\n","protected":false},"excerpt":{"rendered":"<p>Allgemeine Gesch\u00e4ftsbedingungen Teppich-, Teppichboden- und Polsterreinigung Allgemein Nachstehende Bedingungen sind Inhalt eines jeden mit uns abgeschlossenen Vertrages. Entgegenstehende Gesch\u00e4ftsbedingungen des Auftraggebers sind unwirksam. M\u00fcndliche Nebenabreden haben daher keine Rechtswirksamkeit, solange sie nicht schriftlich best\u00e4tigt werden. M\u00e4ngel am Reinigungsobjekt Die Teppich- und Polsterreinigung ist nicht verantwortlich f\u00fcr Sch\u00e4den, die durch die Beschaffenheit des Reinigungsobjektes verursacht werden&hellip; <a class=\"continue\" href=\"https:\/\/www.abc-reinigungen.de\/abcreiwp\/abg\/\">Continue Reading Allgemeine Gesch\u00e4ftsbedingungen<\/a><\/p>\n","protected":false},"author":1,"featured_media":0,"parent":0,"menu_order":0,"comment_status":"closed","ping_status":"closed","template":"","meta":[],"_links":{"self":[{"href":"https:\/\/www.abc-reinigungen.de\/abcreiwp\/wp-json\/wp\/v2\/pages\/245"}],"collection":[{"href":"https:\/\/www.abc-reinigungen.de\/abcreiwp\/wp-json\/wp\/v2\/pages"}],"about":[{"href":"https:\/\/www.abc-reinigungen.de\/abcreiwp\/wp-json\/wp\/v2\/types\/page"}],"author":[{"embeddable":true,"href":"https:\/\/www.abc-reinigungen.de\/abcreiwp\/wp-json\/wp\/v2\/users\/1"}],"replies":[{"embeddable":true,"href":"https:\/\/www.abc-reinigungen.de\/abcreiwp\/wp-json\/wp\/v2\/comments?post=245"}],"version-history":[{"count":12,"href":"https:\/\/www.abc-reinigungen.de\/abcreiwp\/wp-json\/wp\/v2\/pages\/245\/revisions"}],"predecessor-version":[{"id":869,"href":"https:\/\/www.abc-reinigungen.de\/abcreiwp\/wp-json\/wp\/v2\/pages\/245\/revisions\/869"}],"wp:attachment":[{"href":"https:\/\/www.abc-reinigungen.de\/abcreiwp\/wp-json\/wp\/v2\/media?parent=245"}],"curies":[{"name":"wp","href":"https:\/\/api.w.org\/{rel}","templated":true}]}}