{"id":152,"date":"2014-05-14T21:29:03","date_gmt":"2014-05-14T19:29:03","guid":{"rendered":"http:\/\/www.abc-reinigungen.de\/abcreiwp\/?page_id=152"},"modified":"2014-08-09T16:10:51","modified_gmt":"2014-08-09T14:10:51","slug":"home","status":"publish","type":"page","link":"https:\/\/www.abc-reinigungen.de\/abcreiwp\/","title":{"rendered":"Info"},"content":{"rendered":"<hr \/>\n<p><span style=\"background-color: #ffffff; color: #314a69; font-size: 13pt; font-family: andale mono,times;\"><strong>Die Profis f\u00fcr Ihre Teppich- &amp; Polsterreinigung in Schwerin, Wismar, Rostock und Umgebung<\/strong><\/span><\/p>\n<p style=\"text-align: left;\"><span style=\"color: #314a69; font-size: 12pt; font-family: andale mono,times;\">M\u00f6chten auch Sie sch\u00f6ner und ges\u00fcnder wohnen? Dann sind Sie bei uns genau richtig!<\/span><br \/>\n<span style=\"color: #314a69; font-size: 12pt; font-family: andale mono,times;\"> Mit unserer Erfahrung, Kompetenz und unseren professionellen Reinigungsverfahren l\u00f6sen wir nahezu jedes Problem!<\/span><\/p>\n<p><span style=\"color: #314a69; font-size: 12pt; font-family: andale mono,times;\">Entscheiden Sie sich f\u00fcr Ihre Gesundheit und Ihr Wohlbefinden!<\/span><\/p>\n<p><span style=\"font-family: andale mono,times; font-size: 12pt;\"><strong><span style=\"color: #314a69;\">&#8222;Unsere Ziele f\u00fcr Sie: <\/span><span style=\"color: #314a69;\">mehr Zeit, mehr Freude, mehr Sauberkeit und Hygiene&#8220;<\/span><\/strong><\/span><\/p>\n<p><span style=\"color: #314a69; font-size: 12pt; font-family: andale mono,times;\">Wir helfen Ihnen Ihre Wohnsituation erheblich zu verbessern!<\/span><\/p>\n<hr \/>\n<p><span style=\"color: #314a69; font-size: 12pt; font-family: andale mono,times;\">\u00a0<strong>Wir bieten<\/strong>:<\/span><\/p>\n<ul>\n<li><span style=\"color: #314a69; font-size: 12pt; font-family: andale mono,times;\">langj\u00e4hrige Erfahrung in der professionellen Reinigung von Teppichen, Auslegware, Polsterm\u00f6beln, Matratzen und Bootspolstern<\/span><\/li>\n<\/ul>\n<ul>\n<li><span style=\"color: #314a69; font-size: 12pt; font-family: andale mono,times;\">besonders schonende von Hand durchgef\u00fchrte Reinigung von Teppichen und Liebhaber- St\u00fccken<\/span><\/li>\n<\/ul>\n<ul style=\"list-style-type: disc;\">\n<li><span style=\"color: #314a69; font-size: 12pt; font-family: andale mono,times;\">pers\u00f6nliche Beratung und kostenfreie Vorabbesichtigung Ihrer Polsterm\u00f6bel und Teppichb\u00f6den durch unser geschultes Fachpersonal<\/span><\/li>\n<\/ul>\n<ul>\n<li><span style=\"color: #314a69; font-size: 12pt; font-family: andale mono,times;\">hohe Flexibilit\u00e4t und Zuverl\u00e4ssigkeit in der Ausf\u00fchrung der Reinigungsarbeiten- bei uns bekommen Sie Ihren Wunschtermin!<\/span><\/li>\n<\/ul>\n<ul>\n<li><span style=\"color: #314a69; font-size: 12pt; font-family: andale mono,times;\">blitzschnelle Reinigung: innerhalb von 5 Arbeitstagen liegt Ihr Teppich wieder wie neu bei Ihnen Zuhause<\/span><\/li>\n<\/ul>\n<ul>\n<li><span style=\"color: #314a69; font-size: 12pt; font-family: andale mono,times;\">Abhol- und Bringeservice<\/span><\/li>\n<\/ul>\n<ul>\n<li><span style=\"color: #314a69; font-size: 12pt; font-family: andale mono,times;\">bei uns sind Ihre Teppiche und Polsterm\u00f6bel versichert<\/span><\/li>\n<\/ul>\n<ul>\n<li><span style=\"color: #314a69; font-size: 12pt; font-family: andale mono,times;\">unsere Reinigungsmittel sind biologisch abbaubar und weisen hohe und schnelle Schmutzl\u00f6seeigenschaften auf<\/span><\/li>\n<\/ul>\n<ul>\n<li><span style=\"color: #314a69; font-size: 12pt; font-family: andale mono,times;\"> zus\u00e4tzliche Ausf\u00fchrungen nach Ihren W\u00fcnschen, u.a.: Ein- und Ausrollen Ihres Teppichs inkl. Zurechtr\u00fccken Ihrer M\u00f6bel<\/span><\/li>\n<\/ul>\n","protected":false},"excerpt":{"rendered":"<p>Die Profis f\u00fcr Ihre Teppich- &amp; Polsterreinigung in Schwerin, Wismar, Rostock und Umgebung M\u00f6chten auch Sie sch\u00f6ner und ges\u00fcnder wohnen? Dann sind Sie bei uns genau richtig! Mit unserer Erfahrung, Kompetenz und unseren professionellen Reinigungsverfahren l\u00f6sen wir nahezu jedes Problem! Entscheiden Sie sich f\u00fcr Ihre Gesundheit und Ihr Wohlbefinden! &#8222;Unsere Ziele f\u00fcr Sie: mehr Zeit,&hellip; <a class=\"continue\" href=\"https:\/\/www.abc-reinigungen.de\/abcreiwp\/\">Continue Reading Info<\/a><\/p>\n","protected":false},"author":1,"featured_media":0,"parent":0,"menu_order":0,"comment_status":"closed","ping_status":"closed","template":"","meta":[],"_links":{"self":[{"href":"https:\/\/www.abc-reinigungen.de\/abcreiwp\/wp-json\/wp\/v2\/pages\/152"}],"collection":[{"href":"https:\/\/www.abc-reinigungen.de\/abcreiwp\/wp-json\/wp\/v2\/pages"}],"about":[{"href":"https:\/\/www.abc-reinigungen.de\/abcreiwp\/wp-json\/wp\/v2\/types\/page"}],"author":[{"embeddable":true,"href":"https:\/\/www.abc-reinigungen.de\/abcreiwp\/wp-json\/wp\/v2\/users\/1"}],"replies":[{"embeddable":true,"href":"https:\/\/www.abc-reinigungen.de\/abcreiwp\/wp-json\/wp\/v2\/comments?post=152"}],"version-history":[{"count":68,"href":"https:\/\/www.abc-reinigungen.de\/abcreiwp\/wp-json\/wp\/v2\/pages\/152\/revisions"}],"predecessor-version":[{"id":775,"href":"https:\/\/www.abc-reinigungen.de\/abcreiwp\/wp-json\/wp\/v2\/pages\/152\/revisions\/775"}],"wp:attachment":[{"href":"https:\/\/www.abc-reinigungen.de\/abcreiwp\/wp-json\/wp\/v2\/media?parent=152"}],"curies":[{"name":"wp","href":"https:\/\/api.w.org\/{rel}","templated":true}]}}