{"id":129,"date":"2014-05-14T18:58:53","date_gmt":"2014-05-14T16:58:53","guid":{"rendered":"http:\/\/www.abc-reinigungen.de\/abcreiwp\/?page_id=129"},"modified":"2014-08-09T11:53:13","modified_gmt":"2014-08-09T09:53:13","slug":"abc-reinigungen-matratzenreinigung-matratzenaufbereitung-schwerin-rostock-luebeck","status":"publish","type":"page","link":"https:\/\/www.abc-reinigungen.de\/abcreiwp\/abc-reinigungen-matratzenreinigung-matratzenaufbereitung-schwerin-rostock-luebeck\/","title":{"rendered":"Matratzenreinigung"},"content":{"rendered":"<hr \/>\n<p><em><span style=\"font-family: andale mono,times; font-size: 13pt;\"><strong><span style=\"color: #003366;\">Ihre Gesundheit ist unser Auftrag. Warum die Reinigung von Matratzen so wichtig ist?<\/span><\/strong><\/span><\/em><\/p>\n<p><em><span style=\"font-family: andale mono,times; font-size: 12pt;\"><span style=\"color: #003366;\"><span style=\"font-size: 14pt;\">&#8222;Sauberer Schlaf statt schlechter Tr\u00e4ume&#8220;<\/span><\/span><strong><span style=\"color: #003366;\"><br \/>\n<\/span><\/strong><\/span><\/em><\/p>\n<p style=\"text-align: left;\"><a href=\"http:\/\/www.abc-reinigungen.de\/abcreiwp\/wp-content\/uploads\/2014\/05\/105359-20140622.jpg\"><img decoding=\"async\" loading=\"lazy\" class=\" wp-image-587 alignright\" src=\"http:\/\/www.abc-reinigungen.de\/abcreiwp\/wp-content\/uploads\/2014\/05\/105359-20140622.jpg\" alt=\"105359-20140622\" width=\"366\" height=\"244\" srcset=\"https:\/\/www.abc-reinigungen.de\/abcreiwp\/wp-content\/uploads\/2014\/05\/105359-20140622.jpg 400w, https:\/\/www.abc-reinigungen.de\/abcreiwp\/wp-content\/uploads\/2014\/05\/105359-20140622-300x199.jpg 300w, https:\/\/www.abc-reinigungen.de\/abcreiwp\/wp-content\/uploads\/2014\/05\/105359-20140622-190x126.jpg 190w\" sizes=\"(max-width: 366px) 100vw, 366px\" \/><\/a><span style=\"color: #003366; font-family: andale mono,times; font-size: 12pt;\">Alle Medien machen uns darauf aufmerksam wie gef\u00e4hrlich Milben sind. Warum?<br \/>\nIn jeder normalen Matratze leben \u00fcber 2 Millionen Milben, die sich ca. alle drei Monate vermehren und alle drei Monate sterben. Dabei produzieren sie das 200 &#8211; fache an Milbenkot. Der Milbenkot enth\u00e4lt allergieausl\u00f6sende Partikel, die zu einer Hausstauballergie f\u00fchren. Diese Partikel atmen Sie im Schlaf ein.<\/span><\/p>\n<p><span style=\"color: #003366; font-family: andale mono,times; font-size: 12pt;\"><a href=\"http:\/\/www.abc-reinigungen.de\/abcreiwp\/wp-content\/uploads\/2014\/05\/Fotolia_21716952_XS2.jpg\"><img decoding=\"async\" loading=\"lazy\" class=\" wp-image-32 alignleft\" src=\"http:\/\/www.abc-reinigungen.de\/abcreiwp\/wp-content\/uploads\/2014\/05\/Fotolia_21716952_XS2.jpg\" alt=\"lachende junge frau unter der bettdecke\" width=\"331\" height=\"221\" srcset=\"https:\/\/www.abc-reinigungen.de\/abcreiwp\/wp-content\/uploads\/2014\/05\/Fotolia_21716952_XS2.jpg 424w, https:\/\/www.abc-reinigungen.de\/abcreiwp\/wp-content\/uploads\/2014\/05\/Fotolia_21716952_XS2-300x200.jpg 300w, https:\/\/www.abc-reinigungen.de\/abcreiwp\/wp-content\/uploads\/2014\/05\/Fotolia_21716952_XS2-190x126.jpg 190w\" sizes=\"(max-width: 331px) 100vw, 331px\" \/><\/a>Symptome einer Hausstauballergie sind Dauerschnupfen, Niesanf\u00e4lle, Juckreiz und asthmatische Reaktionen.<br \/>\nImmer mehr Menschen erkranken und bis heute gibt es kein Mittel gegen Milben und keine Matratze in der sich Milben unwohl f\u00fchlen w\u00fcrden. Fr\u00fcher war das kein gro\u00dfes Problem. Warum? Ganz einfach! Fr\u00fcher wurden die Matratzen regelm\u00e4\u00dfig aus dem Haus geholt und ordentlich ausgeklopft.<br \/>\n<\/span><\/p>\n<p>&nbsp;<\/p>\n<p><span style=\"color: #003366; font-family: andale mono,times; font-size: 12pt;\">\u00a0<\/span><\/p>\n","protected":false},"excerpt":{"rendered":"<p>Ihre Gesundheit ist unser Auftrag. Warum die Reinigung von Matratzen so wichtig ist? &#8222;Sauberer Schlaf statt schlechter Tr\u00e4ume&#8220; Alle Medien machen uns darauf aufmerksam wie gef\u00e4hrlich Milben sind. Warum? In jeder normalen Matratze leben \u00fcber 2 Millionen Milben, die sich ca. alle drei Monate vermehren und alle drei Monate sterben. Dabei produzieren sie das 200&hellip; <a class=\"continue\" href=\"https:\/\/www.abc-reinigungen.de\/abcreiwp\/abc-reinigungen-matratzenreinigung-matratzenaufbereitung-schwerin-rostock-luebeck\/\">Continue Reading Matratzenreinigung<\/a><\/p>\n","protected":false},"author":1,"featured_media":0,"parent":0,"menu_order":0,"comment_status":"closed","ping_status":"closed","template":"","meta":[],"_links":{"self":[{"href":"https:\/\/www.abc-reinigungen.de\/abcreiwp\/wp-json\/wp\/v2\/pages\/129"}],"collection":[{"href":"https:\/\/www.abc-reinigungen.de\/abcreiwp\/wp-json\/wp\/v2\/pages"}],"about":[{"href":"https:\/\/www.abc-reinigungen.de\/abcreiwp\/wp-json\/wp\/v2\/types\/page"}],"author":[{"embeddable":true,"href":"https:\/\/www.abc-reinigungen.de\/abcreiwp\/wp-json\/wp\/v2\/users\/1"}],"replies":[{"embeddable":true,"href":"https:\/\/www.abc-reinigungen.de\/abcreiwp\/wp-json\/wp\/v2\/comments?post=129"}],"version-history":[{"count":44,"href":"https:\/\/www.abc-reinigungen.de\/abcreiwp\/wp-json\/wp\/v2\/pages\/129\/revisions"}],"predecessor-version":[{"id":681,"href":"https:\/\/www.abc-reinigungen.de\/abcreiwp\/wp-json\/wp\/v2\/pages\/129\/revisions\/681"}],"wp:attachment":[{"href":"https:\/\/www.abc-reinigungen.de\/abcreiwp\/wp-json\/wp\/v2\/media?parent=129"}],"curies":[{"name":"wp","href":"https:\/\/api.w.org\/{rel}","templated":true}]}}